{"id":8,"date":"2021-03-11T08:38:17","date_gmt":"2021-03-11T07:38:17","guid":{"rendered":"https:\/\/propowernet.ferit.hr\/?page_id=8"},"modified":"2022-01-14T15:10:56","modified_gmt":"2022-01-14T14:10:56","slug":"o-projektu","status":"publish","type":"page","link":"https:\/\/propowernet.ferit.hr\/index.php\/o-projektu\/","title":{"rendered":"O PROJEKTU"},"content":{"rendered":"\n<h3 class=\"has-text-align-center wp-block-heading\"><strong>Distribucijska elektroenergetska mre\u017ea s velikim udjelom aktivnih kupaca<\/strong><\/h3>\n\n\n\n<div class=\"wp-block-columns is-style-default is-layout-flex wp-container-core-columns-is-layout-9d6595d7 wp-block-columns-is-layout-flex\">\n<div class=\"wp-block-column is-layout-flow wp-block-column-is-layout-flow\" style=\"flex-basis:100%\">\n<p><strong>Nositelj<\/strong>: Sveu\u010dili\u0161te Josipa Jurja Strossmayera u Osijeku Fakultet elektrotehnike, ra\u010dunarstva i informacijskih tehnologija Osijek<\/p>\n\n\n\n<p><strong>Financiranje<\/strong>: Hrvatska zaklada za znanost&nbsp;(<strong>HRZZ<\/strong>)<\/p>\n\n\n\n<p><strong>Trajanje<\/strong>: 60 mjeseci<\/p>\n\n\n\n<p><strong>Voditelj<\/strong>: Izv. prof. dr. sc. Goran Kne\u017eevi\u0107 <\/p>\n\n\n\n<p><strong>Referentni broj<\/strong>: UIP 2020-02<\/p>\n\n\n\n<div class=\"wp-block-columns are-vertically-aligned-top is-layout-flex wp-container-core-columns-is-layout-9d6595d7 wp-block-columns-is-layout-flex\">\n<div class=\"wp-block-column is-vertically-aligned-top is-layout-flow wp-block-column-is-layout-flow\" style=\"flex-basis:100%\">\n<div class=\"wp-block-group\"><div class=\"wp-block-group__inner-container is-layout-flow wp-block-group-is-layout-flow\">\n<p class=\"has-text-align-center\">Proizvodnja elektri\u010dne energije iz ve\u0107ine elektrana na obnovljive izvore energije (OIE) uglavnom je promjenjiva i nepredvidiva \u0161to uzrokuje pote\u0161ko\u0107e u planiranju i vo\u0111enju elektroenergetske mre\u017ee te se masovnom integracijom takvih postrojenja taj u\u010dinak pove\u0107ava. Dosada\u0161nji pasivni kupci elektri\u010dne energije integracijom elektrana na OIE u njihovom vlasni\u0161tvu postaju kupci s vlastitom proizvodnjom, odnosno postaju aktivni kupci. Razvoj sustava upravljanja energijom aktivnih kupaca je multidisciplinarni proces koji podrazumijeva vi\u0161e aspekata promatranja koji se moraju uzeti u obzir. Svrha ovog projekta je uspostavljanje istra\u017eiva\u010dke grupe koja \u0107e prou\u010davati upravljanje pogonom sustava aktivnog kupca i distribucijske mre\u017ee s \u010detiri aspekata promatranja: prvi je maksimizacija zarade aktivnog kupca sudjelovanjem na energetskom tr\u017ei\u0161tu i tr\u017ei\u0161tu pomo\u0107nih usluga, drugi je optimizacija pogona same distribucijske mre\u017ee s ciljem smanjenja gubitaka i odr\u017eavanja po\u017eeljnih strujno-naponskih prilika u mre\u017ei, tre\u0107i je smanjenje utjecaja na kvalitetu elektri\u010dne energije i \u010detvrti aspekt promatranja je odr\u017eavanje naponske i frekvencijske stabilnosti mre\u017ee u slu\u010daju priklju\u010denja ve\u0107eg broja aktivnih kupaca na distribucijsku mre\u017eu. Ciljevi projekta obuhva\u0107aju izra\u0111ene simulacijske modele za analizu me\u0111udjelovanja distribucijske mre\u017ee i sustava aktivnih kupaca te razvijene optimizacijske algoritme za odre\u0111ivanje optimalnog pogona ure\u0111aja aktivnih kupaca i distribucijske mre\u017ee za razli\u010dite aspekte promatranja. Rezultati projekta doprinijeti \u0107e mogu\u0107nosti velike integracije aktivnih kupaca u distribucijsku mre\u017eu uz o\u010duvanje frekvencijske i naponske stabilnosti sustava te propisane razine kvalitete elektri\u010dne energije. Uz to, omogu\u0107it \u0107e aktivnim kupcima odre\u0111ivanje plana anga\u017eiranja njihovih ure\u0111aja s ciljem optimalne zarade na tr\u017ei\u0161tu elektri\u010dne energije te tr\u017ei\u0161tu pomo\u0107nih usluga.<\/p>\n<\/div><\/div>\n<\/div>\n<\/div>\n<\/div>\n<\/div>\n\n\n\n<p><\/p>\n","protected":false},"excerpt":{"rendered":"<div class=\"slide-text-bg2\"><span>Distribucijska elektroenergetska mre\u017ea s velikim udjelom aktivnih kupaca Nositelj: Sveu\u010dili\u0161te Josipa Jurja Strossmayera u Osijeku Fakultet elektrotehni<\/span><\/div>\n<div class=\"slide-btn-area-sm\"><a href=\"https:\/\/propowernet.ferit.hr\/index.php\/o-projektu\/\" class=\"slide-btn-sm\">Pro\u010ditaj vi\u0161e<\/a><\/div>\n","protected":false},"author":1,"featured_media":0,"parent":0,"menu_order":0,"comment_status":"closed","ping_status":"closed","template":"","meta":{"footnotes":""},"class_list":["post-8","page","type-page","status-publish","hentry"],"_links":{"self":[{"href":"https:\/\/propowernet.ferit.hr\/index.php\/wp-json\/wp\/v2\/pages\/8","targetHints":{"allow":["GET"]}}],"collection":[{"href":"https:\/\/propowernet.ferit.hr\/index.php\/wp-json\/wp\/v2\/pages"}],"about":[{"href":"https:\/\/propowernet.ferit.hr\/index.php\/wp-json\/wp\/v2\/types\/page"}],"author":[{"embeddable":true,"href":"https:\/\/propowernet.ferit.hr\/index.php\/wp-json\/wp\/v2\/users\/1"}],"replies":[{"embeddable":true,"href":"https:\/\/propowernet.ferit.hr\/index.php\/wp-json\/wp\/v2\/comments?post=8"}],"version-history":[{"count":7,"href":"https:\/\/propowernet.ferit.hr\/index.php\/wp-json\/wp\/v2\/pages\/8\/revisions"}],"predecessor-version":[{"id":245,"href":"https:\/\/propowernet.ferit.hr\/index.php\/wp-json\/wp\/v2\/pages\/8\/revisions\/245"}],"wp:attachment":[{"href":"https:\/\/propowernet.ferit.hr\/index.php\/wp-json\/wp\/v2\/media?parent=8"}],"curies":[{"name":"wp","href":"https:\/\/api.w.org\/{rel}","templated":true}]}}